{"id":10,"date":"2017-03-27T20:42:59","date_gmt":"2017-03-27T18:42:59","guid":{"rendered":"http:\/\/duchenettroyes.fr\/?page_id=10"},"modified":"2021-07-14T18:54:08","modified_gmt":"2021-07-14T16:54:08","slug":"blog","status":"publish","type":"page","link":"https:\/\/duchenettroyes.fr\/index.php\/blog\/","title":{"rendered":"La terrasse des oiseaux"},"content":{"rendered":"<div id=\"metaslider-id-110\" style=\"max-width: 700px;\" class=\"ml-slider-3-108-0 metaslider metaslider-flex metaslider-110 ml-slider has-dots-nav ms-theme-default\" role=\"region\" aria-label=\"G\u00eete 1\" data-height=\"500\" data-width=\"700\">\n    <div id=\"metaslider_container_110\">\n        <div id=\"metaslider_110\">\n            <ul class='slides'>\n                <li style=\"display: block; width: 100%;\" class=\"slide-300 ms-image \" aria-roledescription=\"slide\" data-date=\"2017-12-01 15:34:26\" data-filename=\"422107-700x500.jpg\" data-slide-type=\"image\"><img loading=\"lazy\" decoding=\"async\" src=\"https:\/\/duchenettroyes.fr\/wp-content\/uploads\/2017\/12\/422107-700x500.jpg\" height=\"500\" width=\"700\" alt=\"\" class=\"slider-110 slide-300 msDefaultImage\" \/><\/li>\n                <li style=\"display: none; width: 100%;\" class=\"slide-555 ms-image \" aria-roledescription=\"slide\" data-date=\"2021-07-14 18:58:03\" data-filename=\"IMG_4824-scaled-700x500.jpg\" data-slide-type=\"image\"><img loading=\"lazy\" decoding=\"async\" src=\"https:\/\/duchenettroyes.fr\/wp-content\/uploads\/2021\/07\/IMG_4824-scaled-700x500.jpg\" height=\"500\" width=\"700\" alt=\"\" class=\"slider-110 slide-555 msDefaultImage\" title=\"IMG_4824\" \/><\/li>\n                <li style=\"display: none; width: 100%;\" class=\"slide-203 ms-image \" aria-roledescription=\"slide\" data-date=\"2017-12-01 09:15:01\" data-filename=\"P1080727-700x500.jpg\" data-slide-type=\"image\"><img loading=\"lazy\" decoding=\"async\" src=\"https:\/\/duchenettroyes.fr\/wp-content\/uploads\/2017\/11\/P1080727-700x500.jpg\" height=\"500\" width=\"700\" alt=\"\" class=\"slider-110 slide-203 msDefaultImage\" \/><\/li>\n                <li style=\"display: none; width: 100%;\" class=\"slide-536 ms-image \" aria-roledescription=\"slide\" data-date=\"2021-07-14 15:46:17\" data-filename=\"IMG_5463-scaled-700x500.jpg\" data-slide-type=\"image\"><img loading=\"lazy\" decoding=\"async\" src=\"https:\/\/duchenettroyes.fr\/wp-content\/uploads\/2021\/07\/IMG_5463-scaled-700x500.jpg\" height=\"500\" width=\"700\" alt=\"\" class=\"slider-110 slide-536 msDefaultImage\" title=\"IMG_5463\" \/><\/li>\n                <li style=\"display: none; width: 100%;\" class=\"slide-537 ms-image \" aria-roledescription=\"slide\" data-date=\"2021-07-14 15:46:17\" data-filename=\"IMG_5464-scaled-700x500.jpg\" data-slide-type=\"image\"><img loading=\"lazy\" decoding=\"async\" src=\"https:\/\/duchenettroyes.fr\/wp-content\/uploads\/2021\/07\/IMG_5464-scaled-700x500.jpg\" height=\"500\" width=\"700\" alt=\"\" class=\"slider-110 slide-537 msDefaultImage\" title=\"IMG_5464\" \/><\/li>\n                <li style=\"display: none; width: 100%;\" class=\"slide-204 ms-image \" aria-roledescription=\"slide\" data-date=\"2017-12-01 09:15:36\" data-filename=\"P1080779-700x500.jpg\" data-slide-type=\"image\"><img loading=\"lazy\" decoding=\"async\" src=\"https:\/\/duchenettroyes.fr\/wp-content\/uploads\/2017\/11\/P1080779-700x500.jpg\" height=\"500\" width=\"700\" alt=\"\" class=\"slider-110 slide-204 msDefaultImage\" \/><\/li>\n                <li style=\"display: none; width: 100%;\" class=\"slide-317 ms-image \" aria-roledescription=\"slide\" data-date=\"2017-12-01 15:34:28\" data-filename=\"P1080770-1-700x500.jpg\" data-slide-type=\"image\"><img loading=\"lazy\" decoding=\"async\" src=\"https:\/\/duchenettroyes.fr\/wp-content\/uploads\/2017\/11\/P1080770-1-700x500.jpg\" height=\"500\" width=\"700\" alt=\"\" class=\"slider-110 slide-317 msDefaultImage\" \/><\/li>\n                <li style=\"display: none; width: 100%;\" class=\"slide-302 ms-image \" aria-roledescription=\"slide\" data-date=\"2017-12-01 15:34:27\" data-filename=\"P1130263-700x500.jpg\" data-slide-type=\"image\"><img loading=\"lazy\" decoding=\"async\" src=\"https:\/\/duchenettroyes.fr\/wp-content\/uploads\/2017\/12\/P1130263-700x500.jpg\" height=\"500\" width=\"700\" alt=\"\" class=\"slider-110 slide-302 msDefaultImage\" \/><\/li>\n                <li style=\"display: none; width: 100%;\" class=\"slide-303 ms-image \" aria-roledescription=\"slide\" data-date=\"2017-12-01 15:34:27\" data-filename=\"P1130268-700x500.jpg\" data-slide-type=\"image\"><img loading=\"lazy\" decoding=\"async\" src=\"https:\/\/duchenettroyes.fr\/wp-content\/uploads\/2017\/12\/P1130268-700x500.jpg\" height=\"500\" width=\"700\" alt=\"\" class=\"slider-110 slide-303 msDefaultImage\" \/><\/li>\n                <li style=\"display: none; width: 100%;\" class=\"slide-205 ms-image \" aria-roledescription=\"slide\" data-date=\"2017-12-01 09:16:54\" data-filename=\"P1090292-700x500.jpg\" data-slide-type=\"image\"><img loading=\"lazy\" decoding=\"async\" src=\"https:\/\/duchenettroyes.fr\/wp-content\/uploads\/2017\/11\/P1090292-700x500.jpg\" height=\"500\" width=\"700\" alt=\"\" class=\"slider-110 slide-205 msDefaultImage\" \/><\/li>\n                <li style=\"display: none; width: 100%;\" class=\"slide-311 ms-image \" aria-roledescription=\"slide\" data-date=\"2017-12-01 15:34:27\" data-filename=\"P1130272-700x500.jpg\" data-slide-type=\"image\"><img loading=\"lazy\" decoding=\"async\" src=\"https:\/\/duchenettroyes.fr\/wp-content\/uploads\/2017\/12\/P1130272-700x500.jpg\" height=\"500\" width=\"700\" alt=\"\" class=\"slider-110 slide-311 msDefaultImage\" \/><\/li>\n                <li style=\"display: none; width: 100%;\" class=\"slide-307 ms-image \" aria-roledescription=\"slide\" data-date=\"2017-12-01 15:34:27\" data-filename=\"DSC06580-700x500.jpg\" data-slide-type=\"image\"><img loading=\"lazy\" decoding=\"async\" src=\"https:\/\/duchenettroyes.fr\/wp-content\/uploads\/2017\/12\/DSC06580-700x500.jpg\" height=\"500\" width=\"700\" alt=\"\" class=\"slider-110 slide-307 msDefaultImage\" \/><\/li>\n                <li style=\"display: none; width: 100%;\" class=\"slide-304 ms-image \" aria-roledescription=\"slide\" data-date=\"2017-12-01 15:34:27\" data-filename=\"P1130258-700x500.jpg\" data-slide-type=\"image\"><img loading=\"lazy\" decoding=\"async\" src=\"https:\/\/duchenettroyes.fr\/wp-content\/uploads\/2017\/12\/P1130258-700x500.jpg\" height=\"500\" width=\"700\" alt=\"\" class=\"slider-110 slide-304 msDefaultImage\" \/><\/li>\n                <li style=\"display: none; width: 100%;\" class=\"slide-206 ms-image \" aria-roledescription=\"slide\" data-date=\"2017-12-01 09:17:39\" data-filename=\"P1080742-700x500.jpg\" data-slide-type=\"image\"><img loading=\"lazy\" decoding=\"async\" src=\"https:\/\/duchenettroyes.fr\/wp-content\/uploads\/2017\/11\/P1080742-700x500.jpg\" height=\"500\" width=\"700\" alt=\"\" class=\"slider-110 slide-206 msDefaultImage\" \/><\/li>\n                <li style=\"display: none; width: 100%;\" class=\"slide-312 ms-image \" aria-roledescription=\"slide\" data-date=\"2017-12-01 15:34:28\" data-filename=\"Salle-de-bain-300x214.jpg\" data-slide-type=\"image\"><img loading=\"lazy\" decoding=\"async\" src=\"https:\/\/duchenettroyes.fr\/wp-content\/uploads\/2017\/12\/Salle-de-bain-300x214.jpg\" height=\"500\" width=\"700\" alt=\"\" class=\"slider-110 slide-312 msDefaultImage\" \/><div class=\"caption-wrap\"><div class=\"caption\">Baignoire et lavabo de la salle de bain<\/div><\/div><\/li>\n                <li style=\"display: none; width: 100%;\" class=\"slide-208 ms-image \" aria-roledescription=\"slide\" data-date=\"2017-12-01 09:19:01\" data-filename=\"IMG_2905-700x500.jpg\" data-slide-type=\"image\"><img loading=\"lazy\" decoding=\"async\" src=\"https:\/\/duchenettroyes.fr\/wp-content\/uploads\/2017\/11\/IMG_2905-700x500.jpg\" height=\"500\" width=\"700\" alt=\"\" class=\"slider-110 slide-208 msDefaultImage\" \/><\/li>\n                <li style=\"display: none; width: 100%;\" class=\"slide-313 ms-image \" aria-roledescription=\"slide\" data-date=\"2017-12-01 15:34:28\" data-filename=\"salon-2-533x380.jpg\" data-slide-type=\"image\"><img loading=\"lazy\" decoding=\"async\" src=\"https:\/\/duchenettroyes.fr\/wp-content\/uploads\/2017\/12\/salon-2-533x380.jpg\" height=\"500\" width=\"700\" alt=\"\" class=\"slider-110 slide-313 msDefaultImage\" \/><\/li>\n                <li style=\"display: none; width: 100%;\" class=\"slide-314 ms-image \" aria-roledescription=\"slide\" data-date=\"2017-12-01 15:34:28\" data-filename=\"terrasse-533x380.jpg\" data-slide-type=\"image\"><img loading=\"lazy\" decoding=\"async\" src=\"https:\/\/duchenettroyes.fr\/wp-content\/uploads\/2017\/12\/terrasse-533x380.jpg\" height=\"500\" width=\"700\" alt=\"\" class=\"slider-110 slide-314 msDefaultImage\" \/><\/li>\n                <li style=\"display: none; width: 100%;\" class=\"slide-315 ms-image \" aria-roledescription=\"slide\" data-date=\"2017-12-01 15:34:28\" data-filename=\"P1130631-700x500.jpg\" data-slide-type=\"image\"><img loading=\"lazy\" decoding=\"async\" src=\"https:\/\/duchenettroyes.fr\/wp-content\/uploads\/2017\/12\/P1130631-700x500.jpg\" height=\"500\" width=\"700\" alt=\"\" class=\"slider-110 slide-315 msDefaultImage\" \/><\/li>\n                <li style=\"display: none; width: 100%;\" class=\"slide-547 ms-image \" aria-roledescription=\"slide\" data-date=\"2021-07-14 15:46:17\" data-filename=\"IMG_5460-scaled-700x500.jpg\" data-slide-type=\"image\"><img loading=\"lazy\" decoding=\"async\" src=\"https:\/\/duchenettroyes.fr\/wp-content\/uploads\/2021\/07\/IMG_5460-scaled-700x500.jpg\" height=\"500\" width=\"700\" alt=\"\" class=\"slider-110 slide-547 msDefaultImage\" title=\"IMG_5460\" \/><\/li>\n                <li style=\"display: none; width: 100%;\" class=\"slide-538 ms-image \" aria-roledescription=\"slide\" data-date=\"2021-07-14 15:46:17\" data-filename=\"IMG_5420-scaled-700x500.jpg\" data-slide-type=\"image\"><img loading=\"lazy\" decoding=\"async\" src=\"https:\/\/duchenettroyes.fr\/wp-content\/uploads\/2021\/07\/IMG_5420-scaled-700x500.jpg\" height=\"500\" width=\"700\" alt=\"\" class=\"slider-110 slide-538 msDefaultImage\" title=\"IMG_5420\" \/><\/li>\n                <li style=\"display: none; width: 100%;\" class=\"slide-539 ms-image \" aria-roledescription=\"slide\" data-date=\"2021-07-14 15:46:17\" data-filename=\"IMG_5416-scaled-700x500.jpg\" data-slide-type=\"image\"><img loading=\"lazy\" decoding=\"async\" src=\"https:\/\/duchenettroyes.fr\/wp-content\/uploads\/2021\/07\/IMG_5416-scaled-700x500.jpg\" height=\"500\" width=\"700\" alt=\"\" class=\"slider-110 slide-539 msDefaultImage\" title=\"IMG_5416\" \/><\/li>\n                <li style=\"display: none; width: 100%;\" class=\"slide-540 ms-image \" aria-roledescription=\"slide\" data-date=\"2021-07-14 15:46:17\" data-filename=\"IMG_5406-scaled-700x500.jpg\" data-slide-type=\"image\"><img loading=\"lazy\" decoding=\"async\" src=\"https:\/\/duchenettroyes.fr\/wp-content\/uploads\/2021\/07\/IMG_5406-scaled-700x500.jpg\" height=\"500\" width=\"700\" alt=\"\" class=\"slider-110 slide-540 msDefaultImage\" title=\"IMG_5406\" \/><\/li>\n                <li style=\"display: none; width: 100%;\" class=\"slide-308 ms-image \" aria-roledescription=\"slide\" data-date=\"2017-12-01 15:34:27\" data-filename=\"DSC06574-600x428.jpg\" data-slide-type=\"image\"><img loading=\"lazy\" decoding=\"async\" src=\"https:\/\/duchenettroyes.fr\/wp-content\/uploads\/2017\/12\/DSC06574-600x428.jpg\" height=\"500\" width=\"700\" alt=\"\" class=\"slider-110 slide-308 msDefaultImage\" \/><\/li>\n                <li style=\"display: none; width: 100%;\" class=\"slide-542 ms-image \" aria-roledescription=\"slide\" data-date=\"2021-07-14 15:46:17\" data-filename=\"IMG_5420-1-scaled-700x500.jpg\" data-slide-type=\"image\"><img loading=\"lazy\" decoding=\"async\" src=\"https:\/\/duchenettroyes.fr\/wp-content\/uploads\/2021\/07\/IMG_5420-1-scaled-700x500.jpg\" height=\"500\" width=\"700\" alt=\"\" class=\"slider-110 slide-542 msDefaultImage\" title=\"IMG_5420\" \/><\/li>\n                <li style=\"display: none; width: 100%;\" class=\"slide-543 ms-image \" aria-roledescription=\"slide\" data-date=\"2021-07-14 15:46:17\" data-filename=\"IMG_5451-scaled-700x500.jpg\" data-slide-type=\"image\"><img loading=\"lazy\" decoding=\"async\" src=\"https:\/\/duchenettroyes.fr\/wp-content\/uploads\/2021\/07\/IMG_5451-scaled-700x500.jpg\" height=\"500\" width=\"700\" alt=\"\" class=\"slider-110 slide-543 msDefaultImage\" title=\"IMG_5451\" \/><\/li>\n                <li style=\"display: none; width: 100%;\" class=\"slide-544 ms-image \" aria-roledescription=\"slide\" data-date=\"2021-07-14 15:46:17\" data-filename=\"IMG_5450-scaled-700x500.jpg\" data-slide-type=\"image\"><img loading=\"lazy\" decoding=\"async\" src=\"https:\/\/duchenettroyes.fr\/wp-content\/uploads\/2021\/07\/IMG_5450-scaled-700x500.jpg\" height=\"500\" width=\"700\" alt=\"\" class=\"slider-110 slide-544 msDefaultImage\" title=\"IMG_5450\" \/><\/li>\n                <li style=\"display: none; width: 100%;\" class=\"slide-545 ms-image \" aria-roledescription=\"slide\" data-date=\"2021-07-14 15:46:17\" data-filename=\"IMG_5447-scaled-700x500.jpg\" data-slide-type=\"image\"><img loading=\"lazy\" decoding=\"async\" src=\"https:\/\/duchenettroyes.fr\/wp-content\/uploads\/2021\/07\/IMG_5447-scaled-700x500.jpg\" height=\"500\" width=\"700\" alt=\"\" class=\"slider-110 slide-545 msDefaultImage\" title=\"IMG_5447\" \/><\/li>\n                <li style=\"display: none; width: 100%;\" class=\"slide-548 ms-image \" aria-roledescription=\"slide\" data-date=\"2021-07-14 15:46:17\" data-filename=\"IMG_5459-scaled-700x500.jpg\" data-slide-type=\"image\"><img loading=\"lazy\" decoding=\"async\" src=\"https:\/\/duchenettroyes.fr\/wp-content\/uploads\/2021\/07\/IMG_5459-scaled-700x500.jpg\" height=\"500\" width=\"700\" alt=\"\" class=\"slider-110 slide-548 msDefaultImage\" title=\"IMG_5459\" \/><\/li>\n                <li style=\"display: none; width: 100%;\" class=\"slide-549 ms-image \" aria-roledescription=\"slide\" data-date=\"2021-07-14 15:46:17\" data-filename=\"IMG_5379-scaled-700x500.jpg\" data-slide-type=\"image\"><img loading=\"lazy\" decoding=\"async\" src=\"https:\/\/duchenettroyes.fr\/wp-content\/uploads\/2021\/07\/IMG_5379-scaled-700x500.jpg\" height=\"500\" width=\"700\" alt=\"\" class=\"slider-110 slide-549 msDefaultImage\" title=\"IMG_5379\" \/><\/li>\n                <li style=\"display: none; width: 100%;\" class=\"slide-550 ms-image \" aria-roledescription=\"slide\" data-date=\"2021-07-14 15:46:17\" data-filename=\"IMG_5380-scaled-700x500.jpg\" data-slide-type=\"image\"><img loading=\"lazy\" decoding=\"async\" src=\"https:\/\/duchenettroyes.fr\/wp-content\/uploads\/2021\/07\/IMG_5380-scaled-700x500.jpg\" height=\"500\" width=\"700\" alt=\"\" class=\"slider-110 slide-550 msDefaultImage\" title=\"IMG_5380\" \/><\/li>\n                <li style=\"display: none; width: 100%;\" class=\"slide-551 ms-image \" aria-roledescription=\"slide\" data-date=\"2021-07-14 15:46:18\" data-filename=\"IMG_5430-scaled-700x500.jpg\" data-slide-type=\"image\"><img loading=\"lazy\" decoding=\"async\" src=\"https:\/\/duchenettroyes.fr\/wp-content\/uploads\/2021\/07\/IMG_5430-scaled-700x500.jpg\" height=\"500\" width=\"700\" alt=\"\" class=\"slider-110 slide-551 msDefaultImage\" title=\"IMG_5430\" \/><\/li>\n                <li style=\"display: none; width: 100%;\" class=\"slide-552 ms-image \" aria-roledescription=\"slide\" data-date=\"2021-07-14 15:46:18\" data-filename=\"IMG_5472-scaled-700x500.jpg\" data-slide-type=\"image\"><img loading=\"lazy\" decoding=\"async\" src=\"https:\/\/duchenettroyes.fr\/wp-content\/uploads\/2021\/07\/IMG_5472-scaled-700x500.jpg\" height=\"500\" width=\"700\" alt=\"\" class=\"slider-110 slide-552 msDefaultImage\" title=\"IMG_5472\" \/><\/li>\n                <li style=\"display: none; width: 100%;\" class=\"slide-553 ms-image \" aria-roledescription=\"slide\" data-date=\"2021-07-14 15:46:18\" data-filename=\"IMG_5473-scaled-700x500.jpg\" data-slide-type=\"image\"><img loading=\"lazy\" decoding=\"async\" src=\"https:\/\/duchenettroyes.fr\/wp-content\/uploads\/2021\/07\/IMG_5473-scaled-700x500.jpg\" height=\"500\" width=\"700\" alt=\"\" class=\"slider-110 slide-553 msDefaultImage\" title=\"IMG_5473\" \/><\/li>\n            <\/ul>\n        <\/div>\n        \n    <\/div>\n<\/div>\n<p>Planning des disponibilit\u00e9s pour le g\u00eete du 1er \u00e9tage :<br \/>\n<iframe loading=\"lazy\" style=\"overflow: auto; -webkit-overflow-scrolling: touch; border: none;\" src=\"https:\/\/widget.itea.fr\/widget.php?key=df58wg58&amp;numgite=422107&amp;widget-itea=dispo&amp;nbmois=12&amp;nbmois-ligne=3&amp;clicsurcalendrier=1\" width=\"100%\" height=\"500\"><\/iframe><\/p>\n<p>Avis des locataires pr\u00e9c\u00e9dents<br \/>\n<iframe loading=\"lazy\" style=\"overflow: auto; -webkit-overflow-scrolling: touch; border: none;\" src=\"https:\/\/widget.itea.fr\/widget.php?key=df58wg58&amp;numGite=422107&amp;widget-itea=avis\" width=\"100%\" height=\"500\"><\/iframe><\/p>\n","protected":false},"excerpt":{"rendered":"<p>Planning des disponibilit\u00e9s pour le g\u00eete du 1er \u00e9tage : Avis des locataires pr\u00e9c\u00e9dents<\/p>\n","protected":false},"author":1,"featured_media":427,"parent":0,"menu_order":0,"comment_status":"closed","ping_status":"closed","template":"","meta":{"footnotes":""},"class_list":["post-10","page","type-page","status-publish","has-post-thumbnail","hentry"],"_links":{"self":[{"href":"https:\/\/duchenettroyes.fr\/index.php\/wp-json\/wp\/v2\/pages\/10","targetHints":{"allow":["GET"]}}],"collection":[{"href":"https:\/\/duchenettroyes.fr\/index.php\/wp-json\/wp\/v2\/pages"}],"about":[{"href":"https:\/\/duchenettroyes.fr\/index.php\/wp-json\/wp\/v2\/types\/page"}],"author":[{"embeddable":true,"href":"https:\/\/duchenettroyes.fr\/index.php\/wp-json\/wp\/v2\/users\/1"}],"replies":[{"embeddable":true,"href":"https:\/\/duchenettroyes.fr\/index.php\/wp-json\/wp\/v2\/comments?post=10"}],"version-history":[{"count":10,"href":"https:\/\/duchenettroyes.fr\/index.php\/wp-json\/wp\/v2\/pages\/10\/revisions"}],"predecessor-version":[{"id":401,"href":"https:\/\/duchenettroyes.fr\/index.php\/wp-json\/wp\/v2\/pages\/10\/revisions\/401"}],"wp:featuredmedia":[{"embeddable":true,"href":"https:\/\/duchenettroyes.fr\/index.php\/wp-json\/wp\/v2\/media\/427"}],"wp:attachment":[{"href":"https:\/\/duchenettroyes.fr\/index.php\/wp-json\/wp\/v2\/media?parent=10"}],"curies":[{"name":"wp","href":"https:\/\/api.w.org\/{rel}","templated":true}]}}