{"id":59,"date":"2017-11-09T00:01:24","date_gmt":"2017-11-08T23:01:24","guid":{"rendered":"http:\/\/duchenettroyes.fr\/?page_id=59"},"modified":"2026-03-30T09:08:29","modified_gmt":"2026-03-30T07:08:29","slug":"services-et-commerces","status":"publish","type":"page","link":"https:\/\/duchenettroyes.fr\/index.php\/services-et-commerces\/","title":{"rendered":"Services et commerces"},"content":{"rendered":"\n<p><strong>Situ\u00e9e au centre du village<\/strong> de Saint Martin d&rsquo;Uriage, vous avez acc\u00e8s tr\u00e8s rapidement aux <strong>commerces<\/strong> et aux <strong>services<\/strong> suivants :<\/p>\n\n\n<div id=\"metaslider-id-233\" style=\"width: 100%;\" class=\"ml-slider-3-107-0 metaslider metaslider-flex metaslider-233 ml-slider has-dots-nav ms-theme-default\" role=\"region\" aria-label=\"Services Commerces\" data-height=\"400\" data-width=\"700\">\n    <div id=\"metaslider_container_233\">\n        <div id=\"metaslider_233\">\n            <ul class='slides'>\n                <li style=\"display: block; width: 100%;\" class=\"slide-234 ms-image \" aria-roledescription=\"slide\" data-date=\"2017-12-01 14:08:22\" data-filename=\"coeur-de-village-700x400.jpg\" data-slide-type=\"image\"><a href=\"http:\/\/www.saint-martin-uriage.com\/1.aspx\" target=\"_blank\" aria-label=\"Voir les d\u00e9tails de la diapositive\" class=\"metaslider_image_link\"><img loading=\"lazy\" decoding=\"async\" src=\"https:\/\/duchenettroyes.fr\/wp-content\/uploads\/2017\/03\/coeur-de-village-700x400.jpg\" height=\"400\" width=\"700\" alt=\"\" class=\"slider-233 slide-234 msDefaultImage\" \/><\/a><div class=\"caption-wrap\"><div class=\"caption\"><div>H\u00f4tel de ville avec son bureau de police et gendarmerie<\/div><\/div><\/div><\/li>\n                <li style=\"display: none; width: 100%;\" class=\"slide-235 ms-image \" aria-roledescription=\"slide\" data-date=\"2017-12-01 14:08:22\" data-filename=\"commerces-700x400.jpg\" data-slide-type=\"image\"><img loading=\"lazy\" decoding=\"async\" src=\"https:\/\/duchenettroyes.fr\/wp-content\/uploads\/2017\/03\/commerces-700x400.jpg\" height=\"400\" width=\"700\" alt=\"\" class=\"slider-233 slide-235 msDefaultImage\" \/><div class=\"caption-wrap\"><div class=\"caption\"><div>Pharmacie de l'Ancolie et Petit Casino chez Marcel et Natacha.<\/div><\/div><\/div><\/li>\n                <li style=\"display: none; width: 100%;\" class=\"slide-236 ms-image \" aria-roledescription=\"slide\" data-date=\"2017-12-01 14:08:22\" data-filename=\"DSCN1363-700x400.jpg\" data-slide-type=\"image\"><a href=\"https:\/\/centre-thermal.uriage.com\" target=\"_blank\" aria-label=\"Voir les d\u00e9tails de la diapositive\" class=\"metaslider_image_link\"><img loading=\"lazy\" decoding=\"async\" src=\"https:\/\/duchenettroyes.fr\/wp-content\/uploads\/2017\/11\/DSCN1363-700x400.jpg\" height=\"400\" width=\"700\" alt=\"\" class=\"slider-233 slide-236 msDefaultImage\" \/><\/a><div class=\"caption-wrap\"><div class=\"caption\"><div>Les thermes d'Uriage<\/div><\/div><\/div><\/li>\n                <li style=\"display: none; width: 100%;\" class=\"slide-382 ms-image \" aria-roledescription=\"slide\" data-date=\"2018-04-24 15:20:42\" data-filename=\"Office-de-Tourisme-1-700x400.jpg\" data-slide-type=\"image\"><img loading=\"lazy\" decoding=\"async\" src=\"https:\/\/duchenettroyes.fr\/wp-content\/uploads\/2018\/04\/Office-de-Tourisme-1-700x400.jpg\" height=\"400\" width=\"700\" alt=\"office du tourisme\" class=\"slider-233 slide-382 msDefaultImage\" title=\"Office de Tourisme d&#039;Uriage\" \/><div class=\"caption-wrap\"><div class=\"caption\"><div>Office du tourisme<\/div><\/div><\/div><\/li>\n                <li style=\"display: none; width: 100%;\" class=\"slide-639 ms-image \" aria-roledescription=\"slide\" data-date=\"2026-03-29 20:17:22\" data-filename=\"IMG_9704-700x400.jpeg\" data-slide-type=\"image\"><img loading=\"lazy\" decoding=\"async\" src=\"https:\/\/duchenettroyes.fr\/wp-content\/uploads\/2026\/03\/IMG_9704-700x400.jpeg\" height=\"400\" width=\"700\" alt=\"\" class=\"slider-233 slide-639 msDefaultImage\" title=\"IMG_9704\" \/><div class=\"caption-wrap\"><div class=\"caption\"><div>Karine et son caf\u00e9 restaurant de la place du village<\/div><\/div><\/div><\/li>\n            <\/ul>\n        <\/div>\n        \n    <\/div>\n<\/div>\n\n\n\n<ul class=\"wp-block-list\">\n<li><strong>La boulangerie Gigogne<\/strong>, ses pains et ses tartes trop\u00e9ziennes \u00e0 ne pas rater (ferm\u00e9e le mardi)<\/li>\n\n\n\n<li>La pizz\u00e9ria <strong>I <a href=\"https:\/\/imatti-diroma.fr\/\" target=\"_blank\" rel=\"noreferrer noopener\">Matti di Roma<\/a><\/strong>, son choix incroyable et des produits italiens de grande qualit\u00e9<\/li>\n\n\n\n<li><strong>La sup\u00e9rette Casino<\/strong> bien achaland\u00e9e vous propose tout le n\u00e9cessaire pour le s\u00e9jour \u00e0 deux pas de la maison (ferm\u00e9e le dimanche)<\/li>\n\n\n\n<li>Guichet de retrait automatique juste \u00e0 c\u00f4t\u00e9 de la sup\u00e9rette<\/li>\n\n\n\n<li><strong>Le primeur du village<\/strong> vous propose l\u00e9gumes, fromages, charcuterie de qualit\u00e9<\/li>\n\n\n\n<li>La pharmacie l&rsquo;Ancolie<\/li>\n\n\n\n<li>Le tabac presse<\/li>\n\n\n\n<li><a href=\"https:\/\/autour-de-moi.pro\/fiche\/le-panier-du-soleil\/\" target=\"_blank\" rel=\"noreferrer noopener\"><strong>Le panier du soleil,<\/strong><\/a> traiteur et produits italiens \u00e0 deux pas de la maison toujours accueillis avec le sourire<\/li>\n\n\n\n<li><strong>Le caf\u00e9 de la place<\/strong> chez Karine sur la place de la fontaine, c\u0153ur du village o\u00f9 l&rsquo;on se retrouve autour d&rsquo;un caf\u00e9, d&rsquo;une bi\u00e8re ou coktails et restaurant \u00e0 ne pas manquer !<\/li>\n\n\n\n<li>Le restaurant Bistro Lauris<\/li>\n\n\n\n<li><a href=\"http:\/\/www.saint-martin-uriage.com\/2.aspx?sr=33\" target=\"_blank\" rel=\"noopener\">La biblioth\u00e8que municipale<\/a> en face de la maison et <a href=\"http:\/\/www.belvedere-culture.fr\" target=\"_blank\" rel=\"noopener\">le centre culturel Jeanine Creyssels du Belv\u00e9d\u00e8re <\/a>avec de nombreux spectacles (<a href=\"http:\/\/www.saint-martin-uriage.com\/Documents\/Belvedere_Programme%202017-2018.pdf\" target=\"_blank\" rel=\"noopener\">programme<\/a>)<\/li>\n\n\n\n<li>La piscine intercommunale ouverte de juin \u00e0 fin ao\u00fbt \u00e0 c\u00f4t\u00e9 de la maison<\/li>\n\n\n\n<li>Un march\u00e9 dans la rue de l&rsquo;\u00e9glise tous les mercredis matin<\/li>\n\n\n\n<li>Un march\u00e9 de produits locaux le dimanche matin sur la place de la mairie<\/li>\n\n\n\n<li>Un cabinet m\u00e9dical au Belv\u00e9d\u00e8re avec un m\u00e9decin, des kin\u00e9sith\u00e9rapeutes et infirmi\u00e8res<\/li>\n<\/ul>\n\n\n\n<p>En descendant \u00e0 Uriage soit \u00e0 pied par les chemins, soit en voiture, vous aurez acc\u00e8s \u00e0 une grande diversit\u00e9 de commerces de qualit\u00e9:<\/p>\n\n\n<div class=\"wp-block-image\">\n<figure class=\"aligncenter\"><img loading=\"lazy\" decoding=\"async\" width=\"225\" height=\"300\" src=\"https:\/\/duchenettroyes.fr\/wp-content\/uploads\/2017\/11\/DSCN1363-225x300.jpg\" alt=\"\" class=\"wp-image-70\" srcset=\"https:\/\/duchenettroyes.fr\/wp-content\/uploads\/2017\/11\/DSCN1363-225x300.jpg 225w, https:\/\/duchenettroyes.fr\/wp-content\/uploads\/2017\/11\/DSCN1363-768x1024.jpg 768w, https:\/\/duchenettroyes.fr\/wp-content\/uploads\/2017\/11\/DSCN1363.jpg 960w\" sizes=\"auto, (max-width: 225px) 100vw, 225px\" \/><\/figure>\n<\/div>\n\n\n<ul class=\"wp-block-list\">\n<li><a href=\"https:\/\/www.uriage-les-bains.com\/\" target=\"_blank\" rel=\"noreferrer noopener\"><strong>L&rsquo;office du tourisme<\/strong><\/a><a href=\"http:\/\/www.uriage-les-bains.com\/1.aspx\" target=\"_blank\" rel=\"noopener\"> <\/a>\u00e0 l&rsquo;entr\u00e9e du village<\/li>\n\n\n\n<li><a href=\"https:\/\/www.joa.fr\/casinos\/uriage\" target=\"_blank\" rel=\"noreferrer noopener\"><strong>Le casino JOA<\/strong><\/a><\/li>\n\n\n\n<li><a href=\"http:\/\/centre-thermal.uriage.com\" target=\"_blank\" rel=\"noopener\"><strong>Les thermes d&rsquo;Uriage<\/strong><\/a><\/li>\n\n\n\n<li><a href=\"https:\/\/maisonaribert.com\/\" target=\"_blank\" rel=\"noreferrer noopener\"><strong>La Maison Aribert,<\/strong><\/a>  restaurant 2** au Michelin de Christophe Aribert et le bistrot A, incontournables !!<\/li>\n\n\n\n<li><a href=\"https:\/\/www.grand-hotel-uriage.com\/fr\/\" target=\"_blank\" rel=\"noopener\">Le grand h\u00f4tel<\/a> et <a href=\"https:\/\/www.grand-hotel-uriage.com\/fr\/restaurant\/restaurant.html\" target=\"_blank\" rel=\"noopener\">le restaurant des Terrasses<\/a> **<\/li>\n\n\n\n<li>Pharmacie, \u00e9picerie fine, boulangeries, patisseries, boucher, fromager,<\/li>\n\n\n\n<li>Un salon de coiffure \u00e0 essayer : <strong><a href=\"https:\/\/www.228atelierbeaute.com\/\" target=\"_blank\" rel=\"noreferrer noopener\">Atelier 228<\/a><\/strong><\/li>\n\n\n\n<li>Un bar \u00e0 restauration rapide \u00e0 Uriage, le<a href=\"https:\/\/gazette-vaulnaveys.fr\/2017\/06\/16\/central-park-a-uriage-pub-bar-a-bieres-cocktails\/\" target=\"_blank\" rel=\"noopener\"><\/a>Central<a href=\"https:\/\/gazette-vaulnaveys.fr\/2017\/06\/16\/central-park-a-uriage-pub-bar-a-bieres-cocktails\/\" target=\"_blank\" rel=\"noopener\"><\/a>Park \u00e0 c\u00f4t\u00e9 de <a href=\"http:\/\/www.cavederegusse-uriage.fr\" target=\"_blank\" rel=\"noopener\"><strong>la<\/strong> <strong>cave<\/strong> <strong>de<\/strong> <strong>R\u00e9gusse<\/strong><\/a><\/li>\n\n\n\n<li>un march\u00e9 important tous les lundis matin<\/li>\n\n\n\n<li>Le <strong><a href=\"https:\/\/www.instagram.com\/carrousel_uriage\/\" target=\"_blank\" rel=\"noreferrer noopener\">carrousel<\/a><\/strong>, fleuriste et d\u00e9corations sur la place des Roses<\/li>\n\n\n\n<li>Carrefour City juste en face<\/li>\n\n\n\n<li><a href=\"https:\/\/www.facebook.com\/lacombegourmande\/\" target=\"_blank\" rel=\"noopener\"><strong>La Combe gourmande<\/strong><\/a> et ses produits locaux<\/li>\n\n\n\n<li><strong>Manabio<\/strong> le magasin bio du village o\u00f9 l&rsquo;on trouve de tr\u00e8s bons produits pour tout le s\u00e9jour<\/li>\n<\/ul>\n\n\n\n<p><strong>Vous voyez que notre village est extr\u00eamement bien achaland\u00e9 en services de tous genres, ce que nous envient de nombreux villages voisins !<\/strong><\/p>\n\n\n\n<p>En venant de Grenoble, on emprunte la route encaiss\u00e9e du Sonnant dans laquelle on trouve une jardinerie, un magasin de vente directe de produits locaux et r\u00e9gionaux, quelques restaurants.<\/p>\n","protected":false},"excerpt":{"rendered":"<p>Situ\u00e9e au centre du village de Saint Martin d&rsquo;Uriage, vous avez acc\u00e8s tr\u00e8s rapidement aux commerces et aux services suivants : En descendant \u00e0 Uriage soit \u00e0 pied par les chemins, soit en voiture, vous aurez acc\u00e8s \u00e0 une grande diversit\u00e9 de commerces de qualit\u00e9: Vous voyez que notre village est extr\u00eamement bien achaland\u00e9 en &hellip; <\/p>\n<p class=\"link-more\"><a href=\"https:\/\/duchenettroyes.fr\/index.php\/services-et-commerces\/\" class=\"more-link\">Continuer la lecture<span class=\"screen-reader-text\"> de &laquo;&nbsp;Services et commerces&nbsp;&raquo;<\/span><\/a><\/p>\n","protected":false},"author":1,"featured_media":36,"parent":0,"menu_order":0,"comment_status":"closed","ping_status":"closed","template":"","meta":{"footnotes":""},"class_list":["post-59","page","type-page","status-publish","has-post-thumbnail","hentry"],"_links":{"self":[{"href":"https:\/\/duchenettroyes.fr\/index.php\/wp-json\/wp\/v2\/pages\/59","targetHints":{"allow":["GET"]}}],"collection":[{"href":"https:\/\/duchenettroyes.fr\/index.php\/wp-json\/wp\/v2\/pages"}],"about":[{"href":"https:\/\/duchenettroyes.fr\/index.php\/wp-json\/wp\/v2\/types\/page"}],"author":[{"embeddable":true,"href":"https:\/\/duchenettroyes.fr\/index.php\/wp-json\/wp\/v2\/users\/1"}],"replies":[{"embeddable":true,"href":"https:\/\/duchenettroyes.fr\/index.php\/wp-json\/wp\/v2\/comments?post=59"}],"version-history":[{"count":28,"href":"https:\/\/duchenettroyes.fr\/index.php\/wp-json\/wp\/v2\/pages\/59\/revisions"}],"predecessor-version":[{"id":650,"href":"https:\/\/duchenettroyes.fr\/index.php\/wp-json\/wp\/v2\/pages\/59\/revisions\/650"}],"wp:featuredmedia":[{"embeddable":true,"href":"https:\/\/duchenettroyes.fr\/index.php\/wp-json\/wp\/v2\/media\/36"}],"wp:attachment":[{"href":"https:\/\/duchenettroyes.fr\/index.php\/wp-json\/wp\/v2\/media?parent=59"}],"curies":[{"name":"wp","href":"https:\/\/api.w.org\/{rel}","templated":true}]}}