{"id":7,"date":"2017-03-27T20:42:59","date_gmt":"2017-03-27T18:42:59","guid":{"rendered":"http:\/\/duchenettroyes.fr\/?page_id=7"},"modified":"2021-07-14T18:51:05","modified_gmt":"2021-07-14T16:51:05","slug":"accueil","status":"publish","type":"page","link":"https:\/\/duchenettroyes.fr\/","title":{"rendered":"Accueil"},"content":{"rendered":"<p>Bienvenue dans un de nos deux g\u00eetes.<\/p>\n<p>Nous sommes heureux de vous accueillir dans notre maison &nbsp;exceptionnellement situ\u00e9e au c\u0153ur du charmant et vivant village de St Martin d&rsquo;Uriage pour un s\u00e9jour que nous essaierons de rendre le plus agr\u00e9able possible.<\/p>\n<p>Situ\u00e9s au c\u0153ur du massif de Belledonne, dans un territoire riche d&rsquo;activit\u00e9s : ski et randonn\u00e9es \u00e0 Chamrousse, cures thermales \u00e0 Uriage, patrimoine naturel et &nbsp;historique, nos g\u00eetes vous permettront de d\u00e9couvrir toutes ces richesses tout en b\u00e9n\u00e9ficiant d&rsquo;un grand confort au calme et au grand air.<\/p>\n<p>Venez les d\u00e9couvrir.<\/p>\n<p><strong>Nouveaut\u00e9 2020<\/strong> : Les deux g\u00eetes sont maintenant <strong>climatis\u00e9s<\/strong> ! Plus de soucis en cas de canicule!<\/p>\n","protected":false},"excerpt":{"rendered":"<p>Bienvenue dans un de nos deux g\u00eetes. Nous sommes heureux de vous accueillir dans notre maison &nbsp;exceptionnellement situ\u00e9e au c\u0153ur du charmant et vivant village de St Martin d&rsquo;Uriage pour un s\u00e9jour que nous essaierons de rendre le plus agr\u00e9able possible. Situ\u00e9s au c\u0153ur du massif de Belledonne, dans un territoire riche d&rsquo;activit\u00e9s : ski &hellip; <\/p>\n<p class=\"link-more\"><a href=\"https:\/\/duchenettroyes.fr\/\" class=\"more-link\">Continuer la lecture<span class=\"screen-reader-text\"> de &laquo;&nbsp;Accueil&nbsp;&raquo;<\/span><\/a><\/p>\n","protected":false},"author":1,"featured_media":504,"parent":0,"menu_order":0,"comment_status":"closed","ping_status":"closed","template":"","meta":{"footnotes":""},"class_list":["post-7","page","type-page","status-publish","has-post-thumbnail","hentry"],"_links":{"self":[{"href":"https:\/\/duchenettroyes.fr\/index.php\/wp-json\/wp\/v2\/pages\/7","targetHints":{"allow":["GET"]}}],"collection":[{"href":"https:\/\/duchenettroyes.fr\/index.php\/wp-json\/wp\/v2\/pages"}],"about":[{"href":"https:\/\/duchenettroyes.fr\/index.php\/wp-json\/wp\/v2\/types\/page"}],"author":[{"embeddable":true,"href":"https:\/\/duchenettroyes.fr\/index.php\/wp-json\/wp\/v2\/users\/1"}],"replies":[{"embeddable":true,"href":"https:\/\/duchenettroyes.fr\/index.php\/wp-json\/wp\/v2\/comments?post=7"}],"version-history":[{"count":12,"href":"https:\/\/duchenettroyes.fr\/index.php\/wp-json\/wp\/v2\/pages\/7\/revisions"}],"predecessor-version":[{"id":597,"href":"https:\/\/duchenettroyes.fr\/index.php\/wp-json\/wp\/v2\/pages\/7\/revisions\/597"}],"wp:featuredmedia":[{"embeddable":true,"href":"https:\/\/duchenettroyes.fr\/index.php\/wp-json\/wp\/v2\/media\/504"}],"wp:attachment":[{"href":"https:\/\/duchenettroyes.fr\/index.php\/wp-json\/wp\/v2\/media?parent=7"}],"curies":[{"name":"wp","href":"https:\/\/api.w.org\/{rel}","templated":true}]}}