{"id":8,"date":"2017-03-27T20:42:59","date_gmt":"2017-03-27T18:42:59","guid":{"rendered":"http:\/\/duchenettroyes.fr\/?page_id=8"},"modified":"2017-11-09T02:23:30","modified_gmt":"2017-11-09T01:23:30","slug":"a-propos-de","status":"publish","type":"page","link":"https:\/\/duchenettroyes.fr\/index.php\/accueil\/a-propos-de\/","title":{"rendered":"Venir chez nous"},"content":{"rendered":"<p>Au c\u0153ur de Belledonne, \u00e0 17 km de Grenoble, 150m du c\u0153ur du village de Saint Martin d\u2019Uriage, nos deux g\u00eetes vous offrent un accueil douillet avec des possibilit\u00e9s d\u2019\u00e9chapp\u00e9es nombreuses et vari\u00e9es. Les porteurs de projet et propri\u00e9taires\u00a0: Genevi\u00e8ve Troyes, Thierry Duch\u00eane, sont heureux de vous accueillir dans ce lieu privil\u00e9gi\u00e9 o\u00f9 ils r\u00e9sident et qu\u2019ils affectionnent.<\/p>\n<p>Pour venir\u00a0:<br \/>\nEn voiture\u00a0:<br \/>\n<img loading=\"lazy\" decoding=\"async\" class=\"puce\" src=\"http:\/\/groussontroyes.free.fr\/gites\/local\/cache-vignettes\/L16xH14\/puce_prive-07a10.gif\" alt=\"-\" width=\"16\" height=\"14\" \/>\u00a0En venant de Lyon ou du sud prendre l\u2019aiutotoute A43 jusqu\u2019\u00e0 Grenoble, puis direction Chamb\u00e9ry. Sortie Uriage &#8211; Chamrousse.<\/p>\n<p><img loading=\"lazy\" decoding=\"async\" class=\"puce\" src=\"http:\/\/groussontroyes.free.fr\/gites\/local\/cache-vignettes\/L16xH14\/puce_prive-07a10.gif\" alt=\"-\" width=\"16\" height=\"14\" \/>\u00a0En venant de Chamb\u00e9ry ou du nord, prendre l\u2019autoroute A et sortir \u00e0 Grenoble Universit\u00e9s, puis Uriage &#8211; Chamrousse. \u00e0 Uriage les Bains, au rond-point avec les jets d\u2019eau, prendre la direction de Chamrousse- St Martin d&rsquo;Uriage. Le g\u00eete se trouve sur la droite de la route avant le rond-point pav\u00e9.<br \/>\nEn train\u00a0: Grenoble Universit\u00e9s &#8211; Gi\u00e8res<\/p>\n<p>Coordonn\u00e9es GPS\u00a0: Lat\u00a0: N 45\u00b0 8\u201959&Prime; Long\u00a0: E 5\u00b0 50\u201913&Prime;<\/p>\n<p>Googlemap\u00a0: <a class=\"spip_url spip_out\" href=\"http:\/\/maps.google.com\/maps?q=45.149618,+5.837302&amp;num=1&amp;t=h&amp;vpsrc=6&amp;sll=45.761403,4.803488&amp;sspn=0.006295,0.006295&amp;ie=UTF8&amp;ll=45.149677,5.837518&amp;spn=0.000469,0.001015&amp;z=20&amp;iwloc=A\" rel=\"nofollow external\">http:\/\/maps.google.com\/maps?q=45.14&#8230;<\/a><\/p>\n","protected":false},"excerpt":{"rendered":"<p>Au c\u0153ur de Belledonne, \u00e0 17 km de Grenoble, 150m du c\u0153ur du village de Saint Martin d\u2019Uriage, nos deux g\u00eetes vous offrent un accueil douillet avec des possibilit\u00e9s d\u2019\u00e9chapp\u00e9es nombreuses et vari\u00e9es. Les porteurs de projet et propri\u00e9taires\u00a0: Genevi\u00e8ve Troyes, Thierry Duch\u00eane, sont heureux de vous accueillir dans ce lieu privil\u00e9gi\u00e9 o\u00f9 ils r\u00e9sident &hellip; <\/p>\n<p class=\"link-more\"><a href=\"https:\/\/duchenettroyes.fr\/index.php\/accueil\/a-propos-de\/\" class=\"more-link\">Continuer la lecture<span class=\"screen-reader-text\"> de &laquo;&nbsp;Venir chez nous&nbsp;&raquo;<\/span><\/a><\/p>\n","protected":false},"author":1,"featured_media":33,"parent":7,"menu_order":0,"comment_status":"closed","ping_status":"closed","template":"","meta":{"footnotes":""},"class_list":["post-8","page","type-page","status-publish","has-post-thumbnail","hentry"],"_links":{"self":[{"href":"https:\/\/duchenettroyes.fr\/index.php\/wp-json\/wp\/v2\/pages\/8","targetHints":{"allow":["GET"]}}],"collection":[{"href":"https:\/\/duchenettroyes.fr\/index.php\/wp-json\/wp\/v2\/pages"}],"about":[{"href":"https:\/\/duchenettroyes.fr\/index.php\/wp-json\/wp\/v2\/types\/page"}],"author":[{"embeddable":true,"href":"https:\/\/duchenettroyes.fr\/index.php\/wp-json\/wp\/v2\/users\/1"}],"replies":[{"embeddable":true,"href":"https:\/\/duchenettroyes.fr\/index.php\/wp-json\/wp\/v2\/comments?post=8"}],"version-history":[{"count":5,"href":"https:\/\/duchenettroyes.fr\/index.php\/wp-json\/wp\/v2\/pages\/8\/revisions"}],"predecessor-version":[{"id":62,"href":"https:\/\/duchenettroyes.fr\/index.php\/wp-json\/wp\/v2\/pages\/8\/revisions\/62"}],"up":[{"embeddable":true,"href":"https:\/\/duchenettroyes.fr\/index.php\/wp-json\/wp\/v2\/pages\/7"}],"wp:featuredmedia":[{"embeddable":true,"href":"https:\/\/duchenettroyes.fr\/index.php\/wp-json\/wp\/v2\/media\/33"}],"wp:attachment":[{"href":"https:\/\/duchenettroyes.fr\/index.php\/wp-json\/wp\/v2\/media?parent=8"}],"curies":[{"name":"wp","href":"https:\/\/api.w.org\/{rel}","templated":true}]}}