{"id":83,"date":"2017-11-09T01:30:37","date_gmt":"2017-11-09T00:30:37","guid":{"rendered":"http:\/\/duchenettroyes.fr\/?page_id=83"},"modified":"2026-04-24T14:08:37","modified_gmt":"2026-04-24T12:08:37","slug":"activites","status":"publish","type":"page","link":"https:\/\/duchenettroyes.fr\/index.php\/activites\/","title":{"rendered":"Activit\u00e9s"},"content":{"rendered":"<p>Venir \u00e0 Saint Martin d&rsquo;Uriage est une bonne opportunit\u00e9 pour d\u00e9couvrir un environnement riche et pr\u00e9serv\u00e9.<\/p>\n<div id=\"metaslider-id-217\" style=\"max-width: 700px;\" class=\"ml-slider-3-108-0 metaslider metaslider-flex metaslider-217 ml-slider has-dots-nav ms-theme-default\" role=\"region\" aria-label=\"Activit\u00e9s\" data-height=\"400\" data-width=\"700\">\n    <div id=\"metaslider_container_217\">\n        <div id=\"metaslider_217\">\n            <ul class='slides'>\n                <li style=\"display: block; width: 100%;\" class=\"slide-218 ms-image \" aria-roledescription=\"slide\" data-date=\"2017-12-01 13:59:10\" data-filename=\"IMG_20171011_165105-700x400.jpg\" data-slide-type=\"image\"><a href=\"http:\/\/www.belledonne-rando.com\" target=\"_blank\" aria-label=\"Voir les d\u00e9tails de la diapositive\" class=\"metaslider_image_link\"><img loading=\"lazy\" decoding=\"async\" src=\"https:\/\/duchenettroyes.fr\/wp-content\/uploads\/2017\/11\/IMG_20171011_165105-700x400.jpg\" height=\"400\" width=\"700\" alt=\"\" class=\"slider-217 slide-218 msDefaultImage\" \/><\/a><div class=\"caption-wrap\"><div class=\"caption\"><div>Randonn\u00e9e dans le massif de Belledonne et ses nombreux lacs.<\/div><\/div><\/div><\/li>\n                <li style=\"display: none; width: 100%;\" class=\"slide-219 ms-image \" aria-roledescription=\"slide\" data-date=\"2017-12-01 13:59:11\" data-filename=\"20150228_153320-700x400.jpg\" data-slide-type=\"image\"><a href=\"https:\/\/www.chamrousse.com\" target=\"_blank\" aria-label=\"Voir les d\u00e9tails de la diapositive\" class=\"metaslider_image_link\"><img loading=\"lazy\" decoding=\"async\" src=\"https:\/\/duchenettroyes.fr\/wp-content\/uploads\/2017\/11\/20150228_153320-700x400.jpg\" height=\"400\" width=\"700\" alt=\"\" class=\"slider-217 slide-219 msDefaultImage\" \/><\/a><div class=\"caption-wrap\"><div class=\"caption\"><div>Ski alpin dans la belle station olympique de Chamrousse \u00e0 15 minutes de la maison.<\/div><\/div><\/div><\/li>\n                <li style=\"display: none; width: 100%;\" class=\"slide-220 ms-image \" aria-roledescription=\"slide\" data-date=\"2017-12-01 13:59:11\" data-filename=\"IMG_9772-700x400.jpg\" data-slide-type=\"image\"><a href=\"http:\/\/www.divextreme.fr\" target=\"_blank\" aria-label=\"Voir les d\u00e9tails de la diapositive\" class=\"metaslider_image_link\"><img loading=\"lazy\" decoding=\"async\" src=\"https:\/\/duchenettroyes.fr\/wp-content\/uploads\/2017\/11\/IMG_9772-700x400.jpg\" height=\"400\" width=\"700\" alt=\"\" class=\"slider-217 slide-220 msDefaultImage\" \/><\/a><div class=\"caption-wrap\"><div class=\"caption\"><div>Plong\u00e9e sous la glace aux lacs Robert accessible depuis le station de Chamrousse.<\/div><\/div><\/div><\/li>\n                <li style=\"display: none; width: 100%;\" class=\"slide-221 ms-image \" aria-roledescription=\"slide\" data-date=\"2017-12-01 13:59:11\" data-filename=\"20160105_134017-700x400.jpg\" data-slide-type=\"image\"><a href=\"https:\/\/www.chamrousse.com\/webcams.html\" target=\"_blank\" aria-label=\"Voir les d\u00e9tails de la diapositive\" class=\"metaslider_image_link\"><img loading=\"lazy\" decoding=\"async\" src=\"https:\/\/duchenettroyes.fr\/wp-content\/uploads\/2017\/11\/20160105_134017-700x400.jpg\" height=\"400\" width=\"700\" alt=\"\" class=\"slider-217 slide-221 msDefaultImage\" \/><\/a><div class=\"caption-wrap\"><div class=\"caption\"><div>Ski nordique sur le plateau de l'Arselle, depuis la station de Chamrousse. Vue magnifique sur le Taillefer. V\u00e9rifiez l'enneigement sur les webcams de la station<\/div><\/div><\/div><\/li>\n                <li style=\"display: none; width: 100%;\" class=\"slide-222 ms-image \" aria-roledescription=\"slide\" data-date=\"2017-12-01 13:59:11\" data-filename=\"IMG_6898-700x400.jpg\" data-slide-type=\"image\"><a href=\"http:\/\/chamrousseparapente.fr\" target=\"_blank\" aria-label=\"Voir les d\u00e9tails de la diapositive\" class=\"metaslider_image_link\"><img loading=\"lazy\" decoding=\"async\" src=\"https:\/\/duchenettroyes.fr\/wp-content\/uploads\/2017\/11\/IMG_6898-700x400.jpg\" height=\"400\" width=\"700\" alt=\"\" class=\"slider-217 slide-222 msDefaultImage\" \/><\/a><div class=\"caption-wrap\"><div class=\"caption\"><div>Parapente depuis Chamrousse et atterrissage juste en dessous de la maison.<\/div><\/div><\/div><\/li>\n                <li style=\"display: none; width: 100%;\" class=\"slide-223 ms-image \" aria-roledescription=\"slide\" data-date=\"2017-12-01 13:59:11\" data-filename=\"IMG_20171012_142740-e1510188306884-700x400.jpg\" data-slide-type=\"image\"><img loading=\"lazy\" decoding=\"async\" src=\"https:\/\/duchenettroyes.fr\/wp-content\/uploads\/2017\/11\/IMG_20171012_142740-e1510188306884-700x400.jpg\" height=\"400\" width=\"700\" alt=\"\" class=\"slider-217 slide-223 msDefaultImage\" \/><div class=\"caption-wrap\"><div class=\"caption\"><div>Lacs de Belledonne<\/div><\/div><\/div><\/li>\n                <li style=\"display: none; width: 100%;\" class=\"slide-224 ms-image \" aria-roledescription=\"slide\" data-date=\"2017-12-01 13:59:11\" data-filename=\"balade-neige-700x400.jpg\" data-slide-type=\"image\"><img loading=\"lazy\" decoding=\"async\" src=\"https:\/\/duchenettroyes.fr\/wp-content\/uploads\/2017\/03\/balade-neige-700x400.jpg\" height=\"400\" width=\"700\" alt=\"\" class=\"slider-217 slide-224 msDefaultImage\" \/><div class=\"caption-wrap\"><div class=\"caption\"><div>Randonn\u00e9e hivernale en raquettes ou \u00e0 ski.<\/div><\/div><\/div><\/li>\n                <li style=\"display: none; width: 100%;\" class=\"slide-347 ms-image \" aria-roledescription=\"slide\" data-date=\"2018-04-03 17:57:55\" data-filename=\"spa-uriage-700x400.jpg\" data-slide-type=\"image\"><a href=\"https:\/\/centre-thermal.uriage.com\" target=\"_blank\" aria-label=\"Voir les d\u00e9tails de la diapositive\" class=\"metaslider_image_link\"><img loading=\"lazy\" decoding=\"async\" src=\"https:\/\/duchenettroyes.fr\/wp-content\/uploads\/2018\/04\/spa-uriage-700x400.jpg\" height=\"400\" width=\"700\" alt=\"\" class=\"slider-217 slide-347 msDefaultImage\" title=\"spa uriage\" \/><\/a><div class=\"caption-wrap\"><div class=\"caption\"><div>Spa thermal d'Uriage et de nombreux soins \u00e0 la carte \u00e0 d\u00e9couvrir sur le site<\/div><\/div><\/div><\/li>\n                <li style=\"display: none; width: 100%;\" class=\"slide-640 ms-image \" aria-roledescription=\"slide\" data-date=\"2026-03-29 20:19:46\" data-filename=\"IMG_0981-700x400.jpeg\" data-slide-type=\"image\"><img loading=\"lazy\" decoding=\"async\" src=\"https:\/\/duchenettroyes.fr\/wp-content\/uploads\/2026\/03\/IMG_0981-700x400.jpeg\" height=\"400\" width=\"700\" alt=\"\" class=\"slider-217 slide-640 msDefaultImage\" title=\"IMG_0981\" \/><div class=\"caption-wrap\"><div class=\"caption\"><div>Randonn\u00e9e en raquettes ou \u00e0 ski<\/div><\/div><\/div><\/li>\n                <li style=\"display: none; width: 100%;\" class=\"slide-641 ms-image \" aria-roledescription=\"slide\" data-date=\"2026-03-29 20:20:11\" data-filename=\"P1000542-700x400.jpeg\" data-slide-type=\"image\"><img loading=\"lazy\" decoding=\"async\" src=\"https:\/\/duchenettroyes.fr\/wp-content\/uploads\/2026\/03\/P1000542-700x400.jpeg\" height=\"400\" width=\"700\" alt=\"\" class=\"slider-217 slide-641 msDefaultImage\" title=\"P1000542\" \/><div class=\"caption-wrap\"><div class=\"caption\"><div>Chemins de randonn\u00e9es \u00e0 d\u00e9couvrir au d\u00e9part de la maison<\/div><\/div><\/div><\/li>\n                <li style=\"display: none; width: 100%;\" class=\"slide-642 ms-image \" aria-roledescription=\"slide\" data-date=\"2026-03-29 20:20:49\" data-filename=\"IMG_3736-700x400.jpeg\" data-slide-type=\"image\"><img loading=\"lazy\" decoding=\"async\" src=\"https:\/\/duchenettroyes.fr\/wp-content\/uploads\/2026\/03\/IMG_3736-700x400.jpeg\" height=\"400\" width=\"700\" alt=\"\" class=\"slider-217 slide-642 msDefaultImage\" title=\"IMG_3736\" \/><div class=\"caption-wrap\"><div class=\"caption\"><div>Le marais des Seigli\u00e8res, espace naturel sensible<\/div><\/div><\/div><\/li>\n                <li style=\"display: none; width: 100%;\" class=\"slide-643 ms-image \" aria-roledescription=\"slide\" data-date=\"2026-03-29 20:21:52\" data-filename=\"P1000713-1-700x400.jpeg\" data-slide-type=\"image\"><img loading=\"lazy\" decoding=\"async\" src=\"https:\/\/duchenettroyes.fr\/wp-content\/uploads\/2026\/03\/P1000713-1-700x400.jpeg\" height=\"400\" width=\"700\" alt=\"\" class=\"slider-217 slide-643 msDefaultImage\" title=\"P1000713\" \/><div class=\"caption-wrap\"><div class=\"caption\"><div>Randonn\u00e9es hivernales nombreuses et tr\u00e8s accessibles<\/div><\/div><\/div><\/li>\n                <li style=\"display: none; width: 100%;\" class=\"slide-644 ms-image \" aria-roledescription=\"slide\" data-date=\"2026-03-29 20:23:00\" data-filename=\"IMG_6786-700x400.jpeg\" data-slide-type=\"image\"><img loading=\"lazy\" decoding=\"async\" src=\"https:\/\/duchenettroyes.fr\/wp-content\/uploads\/2026\/03\/IMG_6786-700x400.jpeg\" height=\"400\" width=\"700\" alt=\"\" class=\"slider-217 slide-644 msDefaultImage\" title=\"IMG_6786\" \/><div class=\"caption-wrap\"><div class=\"caption\"><div>L'automne est une saison merveilleuse dans nos montagnes<\/div><\/div><\/div><\/li>\n            <\/ul>\n        <\/div>\n        \n    <\/div>\n<\/div>\n<p>Au fil des saisons et des rencontres, nous partageons notre exp\u00e9rience de vie dans ce territoire qui permet de passer d&rsquo;agr\u00e9ables vacances, soit actives, culturelles, familiales, ou simplement reposantes et revitalisantes.<\/p>\n<ul>\n<li>Le village et son patrimoine : <a href=\"https:\/\/duchenettroyes.fr\/index.php\/2026\/04\/24\/les-thermes-duriage\/\"><strong>ses thermes<\/strong><\/a> et son SPA thermal, le parc d&rsquo;Uriage, les <a href=\"https:\/\/duchenettroyes.fr\/index.php\/2018\/05\/02\/415\/\">sentiers de randonn\u00e9e<\/a>, le centre culturel du Belv\u00e9d\u00e8re Jeanine Creissels, les installations sportives (tennis, piscine&#8230;)&#8230;<\/li>\n<\/ul>\n<p><a href=\"https:\/\/duchenettroyes.fr\/wp-content\/uploads\/2018\/05\/rando-Pra-e1525276417529.jpg\"><img loading=\"lazy\" decoding=\"async\" class=\"alignright size-medium wp-image-419\" src=\"https:\/\/duchenettroyes.fr\/wp-content\/uploads\/2018\/05\/rando-Pra-300x169.jpg\" alt=\"randonn\u00e9e belledonne par\" width=\"300\" height=\"169\" \/><\/a><\/p>\n<ul>\n<li>Le massif de Belledonne: la station olympique de Chamrousse, les nombreux hameaux et villages accroch\u00e9s aux flancs de ce massif, sentiers, sommets, lacs, routes \u00e0 parcourir et d\u00e9couvrir \u00e0 pied, en v\u00e9lo ou VTT.<\/li>\n<li>Les fermes de Belledonne et leurs produits r\u00e9gionaux \u00e0 d\u00e9guster.<\/li>\n<li>La ville de Vizille et son mus\u00e9e de la r\u00e9volution dans un superbe parc m\u00e9connu.<\/li>\n<li>La m\u00e9tropole de Grenoble, ses mus\u00e9es, cin\u00e9mas, salles de spectacle et patrimoine industriel incontournable.<\/li>\n<\/ul>\n<p>Nous aurons plaisir \u00e0 vous faire d\u00e9couvrir notre territoire authentique.<\/p>\n","protected":false},"excerpt":{"rendered":"<p>Venir \u00e0 Saint Martin d&rsquo;Uriage est une bonne opportunit\u00e9 pour d\u00e9couvrir un environnement riche et pr\u00e9serv\u00e9. Au fil des saisons et des rencontres, nous partageons notre exp\u00e9rience de vie dans ce territoire qui permet de passer d&rsquo;agr\u00e9ables vacances, soit actives, culturelles, familiales, ou simplement reposantes et revitalisantes. Le village et son patrimoine : ses thermes &hellip; <\/p>\n<p class=\"link-more\"><a href=\"https:\/\/duchenettroyes.fr\/index.php\/activites\/\" class=\"more-link\">Continuer la lecture<span class=\"screen-reader-text\"> de &laquo;&nbsp;Activit\u00e9s&nbsp;&raquo;<\/span><\/a><\/p>\n","protected":false},"author":1,"featured_media":86,"parent":0,"menu_order":0,"comment_status":"closed","ping_status":"closed","template":"","meta":{"footnotes":""},"class_list":["post-83","page","type-page","status-publish","has-post-thumbnail","hentry"],"_links":{"self":[{"href":"https:\/\/duchenettroyes.fr\/index.php\/wp-json\/wp\/v2\/pages\/83","targetHints":{"allow":["GET"]}}],"collection":[{"href":"https:\/\/duchenettroyes.fr\/index.php\/wp-json\/wp\/v2\/pages"}],"about":[{"href":"https:\/\/duchenettroyes.fr\/index.php\/wp-json\/wp\/v2\/types\/page"}],"author":[{"embeddable":true,"href":"https:\/\/duchenettroyes.fr\/index.php\/wp-json\/wp\/v2\/users\/1"}],"replies":[{"embeddable":true,"href":"https:\/\/duchenettroyes.fr\/index.php\/wp-json\/wp\/v2\/comments?post=83"}],"version-history":[{"count":10,"href":"https:\/\/duchenettroyes.fr\/index.php\/wp-json\/wp\/v2\/pages\/83\/revisions"}],"predecessor-version":[{"id":669,"href":"https:\/\/duchenettroyes.fr\/index.php\/wp-json\/wp\/v2\/pages\/83\/revisions\/669"}],"wp:featuredmedia":[{"embeddable":true,"href":"https:\/\/duchenettroyes.fr\/index.php\/wp-json\/wp\/v2\/media\/86"}],"wp:attachment":[{"href":"https:\/\/duchenettroyes.fr\/index.php\/wp-json\/wp\/v2\/media?parent=83"}],"curies":[{"name":"wp","href":"https:\/\/api.w.org\/{rel}","templated":true}]}}